{"id":16,"date":"2021-12-17T22:42:12","date_gmt":"2021-12-17T21:42:12","guid":{"rendered":"https:\/\/www.monteurunterkunft-flensburg.de\/?page_id=16"},"modified":"2022-01-26T17:30:33","modified_gmt":"2022-01-26T16:30:33","slug":"ueber-uns","status":"publish","type":"page","link":"https:\/\/www.monteurunterkunft-flensburg.de\/en\/ueber-uns\/","title":{"rendered":"About us"},"content":{"rendered":"<div data-elementor-type=\"wp-page\" data-elementor-id=\"16\" class=\"elementor elementor-16\">\n\t\t\t\t\t\t<section class=\"elementor-section elementor-top-section elementor-element elementor-element-49ea912 elementor-section-boxed elementor-section-height-default elementor-section-height-default\" data-id=\"49ea912\" data-element_type=\"section\" data-e-type=\"section\">\n\t\t\t\t\t\t<div class=\"elementor-container elementor-column-gap-default\">\n\t\t\t\t\t<div class=\"elementor-column elementor-col-100 elementor-top-column elementor-element elementor-element-423c96c\" data-id=\"423c96c\" data-element_type=\"column\" data-e-type=\"column\">\n\t\t\t<div class=\"elementor-widget-wrap elementor-element-populated\">\n\t\t\t\t\t\t<div class=\"elementor-element elementor-element-b980116 elementor-widget elementor-widget-text-editor\" data-id=\"b980116\" data-element_type=\"widget\" data-e-type=\"widget\" data-widget_type=\"text-editor.default\">\n\t\t\t\t<div class=\"elementor-widget-container\">\n\t\t\t\t\t\t\t\t\t<p>1997 haben wir mit unserer ersten Ferienwohnung in Flensburg gestartet.<\/p><p>In 2003 haben wir unser famili\u00e4r gef\u00fchrtes G\u00e4stehaus in Flensburg Engelsby er\u00f6ffnet und in sp\u00e4teren Jahren weitere Appartements in unser Vermietungsangebot mit aufgenommen.\u00a0<\/p>\t\t\t\t\t\t\t\t<\/div>\n\t\t\t\t<\/div>\n\t\t\t\t\t<\/div>\n\t\t<\/div>\n\t\t\t\t\t<\/div>\n\t\t<\/section>\n\t\t\t\t<\/div>","protected":false},"excerpt":{"rendered":"<p>1997 haben wir mit unserer ersten Ferienwohnung in Flensburg gestartet. In 2003 haben wir unser famili\u00e4r gef\u00fchrtes G\u00e4stehaus in Flensburg Engelsby er\u00f6ffnet und in sp\u00e4teren Jahren weitere Appartements in unser Vermietungsangebot mit aufgenommen.\u00a0<\/p>","protected":false},"author":1,"featured_media":0,"parent":0,"menu_order":0,"comment_status":"closed","ping_status":"closed","template":"elementor_header_footer","meta":{"footnotes":""},"class_list":["post-16","page","type-page","status-publish","hentry"],"yoast_head":"<!-- This site is optimized with the Yoast SEO plugin v24.1 - https:\/\/yoast.com\/wordpress\/plugins\/seo\/ -->\n<title>\u00dcber uns - Monteurunterkunft Flensburg<\/title>\n<meta name=\"robots\" content=\"index, follow, max-snippet:-1, max-image-preview:large, max-video-preview:-1\" \/>\n<link rel=\"canonical\" href=\"https:\/\/www.monteurunterkunft-flensburg.de\/en\/ueber-uns\/\" \/>\n<meta property=\"og:locale\" content=\"en_GB\" \/>\n<meta property=\"og:type\" content=\"article\" \/>\n<meta property=\"og:title\" content=\"\u00dcber uns - Monteurunterkunft Flensburg\" \/>\n<meta property=\"og:description\" content=\"1997 haben wir mit unserer ersten Ferienwohnung in Flensburg gestartet. In 2003 haben wir unser famili\u00e4r gef\u00fchrtes G\u00e4stehaus in Flensburg Engelsby er\u00f6ffnet und in sp\u00e4teren Jahren weitere Appartements in unser Vermietungsangebot mit aufgenommen.\u00a0\" \/>\n<meta property=\"og:url\" content=\"https:\/\/www.monteurunterkunft-flensburg.de\/en\/ueber-uns\/\" \/>\n<meta property=\"og:site_name\" content=\"Monteurunterkunft Flensburg\" \/>\n<meta property=\"article:modified_time\" content=\"2022-01-26T16:30:33+00:00\" \/>\n<meta name=\"twitter:card\" content=\"summary_large_image\" \/>\n<script type=\"application\/ld+json\" class=\"yoast-schema-graph\">{\"@context\":\"https:\/\/schema.org\",\"@graph\":[{\"@type\":\"WebPage\",\"@id\":\"https:\/\/www.monteurunterkunft-flensburg.de\/ueber-uns\/\",\"url\":\"https:\/\/www.monteurunterkunft-flensburg.de\/ueber-uns\/\",\"name\":\"\u00dcber uns - Monteurunterkunft Flensburg\",\"isPartOf\":{\"@id\":\"https:\/\/www.monteurunterkunft-flensburg.de\/#website\"},\"datePublished\":\"2021-12-17T21:42:12+00:00\",\"dateModified\":\"2022-01-26T16:30:33+00:00\",\"breadcrumb\":{\"@id\":\"https:\/\/www.monteurunterkunft-flensburg.de\/ueber-uns\/#breadcrumb\"},\"inLanguage\":\"en-GB\",\"potentialAction\":[{\"@type\":\"ReadAction\",\"target\":[\"https:\/\/www.monteurunterkunft-flensburg.de\/ueber-uns\/\"]}]},{\"@type\":\"BreadcrumbList\",\"@id\":\"https:\/\/www.monteurunterkunft-flensburg.de\/ueber-uns\/#breadcrumb\",\"itemListElement\":[{\"@type\":\"ListItem\",\"position\":1,\"name\":\"Startseite\",\"item\":\"https:\/\/www.monteurunterkunft-flensburg.de\/\"},{\"@type\":\"ListItem\",\"position\":2,\"name\":\"\u00dcber uns\"}]},{\"@type\":\"WebSite\",\"@id\":\"https:\/\/www.monteurunterkunft-flensburg.de\/#website\",\"url\":\"https:\/\/www.monteurunterkunft-flensburg.de\/\",\"name\":\"Monteurunterkunft Flensburg\",\"description\":\"Monteurunterkunft und Monteurzimmer in Flensburg\",\"publisher\":{\"@id\":\"https:\/\/www.monteurunterkunft-flensburg.de\/#organization\"},\"potentialAction\":[{\"@type\":\"SearchAction\",\"target\":{\"@type\":\"EntryPoint\",\"urlTemplate\":\"https:\/\/www.monteurunterkunft-flensburg.de\/?s={search_term_string}\"},\"query-input\":{\"@type\":\"PropertyValueSpecification\",\"valueRequired\":true,\"valueName\":\"search_term_string\"}}],\"inLanguage\":\"en-GB\"},{\"@type\":\"Organization\",\"@id\":\"https:\/\/www.monteurunterkunft-flensburg.de\/#organization\",\"name\":\"Monteurunterkunft Flensburg\",\"url\":\"https:\/\/www.monteurunterkunft-flensburg.de\/\",\"logo\":{\"@type\":\"ImageObject\",\"inLanguage\":\"en-GB\",\"@id\":\"https:\/\/www.monteurunterkunft-flensburg.de\/#\/schema\/logo\/image\/\",\"url\":\"https:\/\/www.monteurunterkunft-flensburg.de\/wp-content\/uploads\/2022\/08\/cropped-Logo-Ferienwohnung.png\",\"contentUrl\":\"https:\/\/www.monteurunterkunft-flensburg.de\/wp-content\/uploads\/2022\/08\/cropped-Logo-Ferienwohnung.png\",\"width\":1573,\"height\":215,\"caption\":\"Monteurunterkunft Flensburg\"},\"image\":{\"@id\":\"https:\/\/www.monteurunterkunft-flensburg.de\/#\/schema\/logo\/image\/\"}}]}<\/script>\n<!-- \/ Yoast SEO plugin. -->","yoast_head_json":{"title":"\u00dcber uns - Monteurunterkunft Flensburg","robots":{"index":"index","follow":"follow","max-snippet":"max-snippet:-1","max-image-preview":"max-image-preview:large","max-video-preview":"max-video-preview:-1"},"canonical":"https:\/\/www.monteurunterkunft-flensburg.de\/en\/ueber-uns\/","og_locale":"en_GB","og_type":"article","og_title":"\u00dcber uns - Monteurunterkunft Flensburg","og_description":"1997 haben wir mit unserer ersten Ferienwohnung in Flensburg gestartet. In 2003 haben wir unser famili\u00e4r gef\u00fchrtes G\u00e4stehaus in Flensburg Engelsby er\u00f6ffnet und in sp\u00e4teren Jahren weitere Appartements in unser Vermietungsangebot mit aufgenommen.\u00a0","og_url":"https:\/\/www.monteurunterkunft-flensburg.de\/en\/ueber-uns\/","og_site_name":"Monteurunterkunft Flensburg","article_modified_time":"2022-01-26T16:30:33+00:00","twitter_card":"summary_large_image","schema":{"@context":"https:\/\/schema.org","@graph":[{"@type":"WebPage","@id":"https:\/\/www.monteurunterkunft-flensburg.de\/ueber-uns\/","url":"https:\/\/www.monteurunterkunft-flensburg.de\/ueber-uns\/","name":"\u00dcber uns - Monteurunterkunft Flensburg","isPartOf":{"@id":"https:\/\/www.monteurunterkunft-flensburg.de\/#website"},"datePublished":"2021-12-17T21:42:12+00:00","dateModified":"2022-01-26T16:30:33+00:00","breadcrumb":{"@id":"https:\/\/www.monteurunterkunft-flensburg.de\/ueber-uns\/#breadcrumb"},"inLanguage":"en-GB","potentialAction":[{"@type":"ReadAction","target":["https:\/\/www.monteurunterkunft-flensburg.de\/ueber-uns\/"]}]},{"@type":"BreadcrumbList","@id":"https:\/\/www.monteurunterkunft-flensburg.de\/ueber-uns\/#breadcrumb","itemListElement":[{"@type":"ListItem","position":1,"name":"Startseite","item":"https:\/\/www.monteurunterkunft-flensburg.de\/"},{"@type":"ListItem","position":2,"name":"\u00dcber uns"}]},{"@type":"WebSite","@id":"https:\/\/www.monteurunterkunft-flensburg.de\/#website","url":"https:\/\/www.monteurunterkunft-flensburg.de\/","name":"Monteurunterkunft Flensburg","description":"Monteurunterkunft und Monteurzimmer in Flensburg","publisher":{"@id":"https:\/\/www.monteurunterkunft-flensburg.de\/#organization"},"potentialAction":[{"@type":"SearchAction","target":{"@type":"EntryPoint","urlTemplate":"https:\/\/www.monteurunterkunft-flensburg.de\/?s={search_term_string}"},"query-input":{"@type":"PropertyValueSpecification","valueRequired":true,"valueName":"search_term_string"}}],"inLanguage":"en-GB"},{"@type":"Organization","@id":"https:\/\/www.monteurunterkunft-flensburg.de\/#organization","name":"Monteurunterkunft Flensburg","url":"https:\/\/www.monteurunterkunft-flensburg.de\/","logo":{"@type":"ImageObject","inLanguage":"en-GB","@id":"https:\/\/www.monteurunterkunft-flensburg.de\/#\/schema\/logo\/image\/","url":"https:\/\/www.monteurunterkunft-flensburg.de\/wp-content\/uploads\/2022\/08\/cropped-Logo-Ferienwohnung.png","contentUrl":"https:\/\/www.monteurunterkunft-flensburg.de\/wp-content\/uploads\/2022\/08\/cropped-Logo-Ferienwohnung.png","width":1573,"height":215,"caption":"Monteurunterkunft Flensburg"},"image":{"@id":"https:\/\/www.monteurunterkunft-flensburg.de\/#\/schema\/logo\/image\/"}}]}},"_links":{"self":[{"href":"https:\/\/www.monteurunterkunft-flensburg.de\/en\/wp-json\/wp\/v2\/pages\/16","targetHints":{"allow":["GET"]}}],"collection":[{"href":"https:\/\/www.monteurunterkunft-flensburg.de\/en\/wp-json\/wp\/v2\/pages"}],"about":[{"href":"https:\/\/www.monteurunterkunft-flensburg.de\/en\/wp-json\/wp\/v2\/types\/page"}],"author":[{"embeddable":true,"href":"https:\/\/www.monteurunterkunft-flensburg.de\/en\/wp-json\/wp\/v2\/users\/1"}],"replies":[{"embeddable":true,"href":"https:\/\/www.monteurunterkunft-flensburg.de\/en\/wp-json\/wp\/v2\/comments?post=16"}],"version-history":[{"count":7,"href":"https:\/\/www.monteurunterkunft-flensburg.de\/en\/wp-json\/wp\/v2\/pages\/16\/revisions"}],"predecessor-version":[{"id":1320,"href":"https:\/\/www.monteurunterkunft-flensburg.de\/en\/wp-json\/wp\/v2\/pages\/16\/revisions\/1320"}],"wp:attachment":[{"href":"https:\/\/www.monteurunterkunft-flensburg.de\/en\/wp-json\/wp\/v2\/media?parent=16"}],"curies":[{"name":"wp","href":"https:\/\/api.w.org\/{rel}","templated":true}]}}